{"id":27,"date":"2021-08-12T22:26:55","date_gmt":"2021-08-12T20:26:55","guid":{"rendered":"https:\/\/alexis-bassali.formations-senza.fr\/?page_id=27"},"modified":"2025-04-14T15:33:52","modified_gmt":"2025-04-14T13:33:52","slug":"recommandations-consignes-techniques","status":"publish","type":"page","link":"https:\/\/kevork-mastering.com\/en\/recommandations-consignes-techniques\/","title":{"rendered":"Recommendations"},"content":{"rendered":"<div data-elementor-type=\"wp-page\" data-elementor-id=\"27\" class=\"elementor elementor-27\" data-elementor-post-type=\"page\">\n\t\t\t\t\t\t<section class=\"elementor-section elementor-top-section elementor-element elementor-element-7bb7a52 elementor-section-full_width elementor-section-height-default elementor-section-height-default\" data-id=\"7bb7a52\" data-element_type=\"section\" data-e-type=\"section\">\n\t\t\t\t\t\t<div class=\"elementor-container elementor-column-gap-default\">\n\t\t\t\t\t<div class=\"elementor-column elementor-col-100 elementor-top-column elementor-element elementor-element-2df107a\" data-id=\"2df107a\" data-element_type=\"column\" data-e-type=\"column\">\n\t\t\t<div class=\"elementor-widget-wrap elementor-element-populated\">\n\t\t\t\t\t\t<div class=\"elementor-element elementor-element-af7537d elementor-widget elementor-widget-heading\" data-id=\"af7537d\" data-element_type=\"widget\" data-e-type=\"widget\" data-widget_type=\"heading.default\">\n\t\t\t\t<div class=\"elementor-widget-container\">\n\t\t\t\t\t<h2 class=\"elementor-heading-title elementor-size-default\">Technical Requirements before sending me your Audio Project<\/h2>\t\t\t\t<\/div>\n\t\t\t\t<\/div>\n\t\t\t\t<div class=\"elementor-element elementor-element-e56e6f3 elementor-widget elementor-widget-text-editor\" data-id=\"e56e6f3\" data-element_type=\"widget\" data-e-type=\"widget\" data-widget_type=\"text-editor.default\">\n\t\t\t\t<div class=\"elementor-widget-container\">\n\t\t\t\t\t\t\t\t\t<p class=\"translation-block\">Recommendations are Technical Requirements that you should take into account before exporting your Mixes.  Indeed they help optimize the Mastering Process.<\/p><p>Before sending me your sound files, please check my following instructions.<\/p><p class=\"translation-block\">Be aware that a mix which has too many defects  can be unexploitable for Mastering. However, I will first listen to your sounds and you'll get my feedback asap. Also <a href=\"\/en\/contact\/\" target=\"_self\">I can technically suggest to you<\/a> if have any question or doubt in the matter of your mixing creation \/ production.<\/p>\t\t\t\t\t\t\t\t<\/div>\n\t\t\t\t<\/div>\n\t\t\t\t\t<\/div>\n\t\t<\/div>\n\t\t\t\t\t<\/div>\n\t\t<\/section>\n\t\t\t\t<section class=\"elementor-section elementor-top-section elementor-element elementor-element-3ae2299 elementor-section-stretched elementor-section-boxed elementor-section-height-default elementor-section-height-default\" data-id=\"3ae2299\" data-element_type=\"section\" data-e-type=\"section\" data-settings=\"{&quot;stretch_section&quot;:&quot;section-stretched&quot;,&quot;background_background&quot;:&quot;classic&quot;,&quot;animation&quot;:&quot;none&quot;}\">\n\t\t\t\t\t\t\t<div class=\"elementor-background-overlay\"><\/div>\n\t\t\t\t\t\t\t<div class=\"elementor-container elementor-column-gap-custom\">\n\t\t\t\t\t<div class=\"elementor-column elementor-col-100 elementor-top-column elementor-element elementor-element-b11455f\" data-id=\"b11455f\" data-element_type=\"column\" data-e-type=\"column\">\n\t\t\t<div class=\"elementor-widget-wrap elementor-element-populated\">\n\t\t\t\t\t\t<div class=\"elementor-element elementor-element-032560c elementor-widget elementor-widget-heading\" data-id=\"032560c\" data-element_type=\"widget\" data-e-type=\"widget\" data-widget_type=\"heading.default\">\n\t\t\t\t<div class=\"elementor-widget-container\">\n\t\t\t\t\t<h3 class=\"elementor-heading-title elementor-size-default\">Audio File Format<\/h3>\t\t\t\t<\/div>\n\t\t\t\t<\/div>\n\t\t\t\t<div class=\"elementor-element elementor-element-75a5fc6 elementor-widget elementor-widget-text-editor\" data-id=\"75a5fc6\" data-element_type=\"widget\" data-e-type=\"widget\" data-widget_type=\"text-editor.default\">\n\t\t\t\t<div class=\"elementor-widget-container\">\n\t\t\t\t\t\t\t\t\t<p class=\"translation-block\">Send me your audio files within their original <a href=\"https:\/\/en.wikipedia.org\/wiki\/Pulse-code_modulation\" target=\"_blank\" rel=\"noopener\">Linear PCM <\/a> encoded format .WAV .AIFF, .AIF, .BWF, .WAV64\u2026<\/p><p class=\"translation-block\">Please NO Lossy formats such as mp3, AAC, etc.. Those formats have been strongly reduced in quality, and there's no possible recovery of the original audio content.<\/p><p>Your audio have to be exported as \"Stereo Interleaved\" files.<\/p>\t\t\t\t\t\t\t\t<\/div>\n\t\t\t\t<\/div>\n\t\t\t\t<div class=\"elementor-element elementor-element-33b2c88 elementor-widget elementor-widget-heading\" data-id=\"33b2c88\" data-element_type=\"widget\" data-e-type=\"widget\" data-widget_type=\"heading.default\">\n\t\t\t\t<div class=\"elementor-widget-container\">\n\t\t\t\t\t<h3 class=\"elementor-heading-title elementor-size-default\">Sampling Rate<\/h3>\t\t\t\t<\/div>\n\t\t\t\t<\/div>\n\t\t\t\t<div class=\"elementor-element elementor-element-e3b41d4 elementor-widget elementor-widget-text-editor\" data-id=\"e3b41d4\" data-element_type=\"widget\" data-e-type=\"widget\" data-widget_type=\"text-editor.default\">\n\t\t\t\t<div class=\"elementor-widget-container\">\n\t\t\t\t\t\t\t\t\t<p class=\"translation-block\">I accept all Sampling Rates equal or over 44.1kHz.<\/p><p>Please don't convert your Sample Rate !\nUse the same Sample Rate as that of the recording. Maybe except in special cases like for instance when you have converted your tracks into Analog and convert back to digital with another Sampling Rate... Any questions ? Any doubt ? Please <a href=\"\/en\/contact\/\" target=\"_self\">contact<\/a> me !\u00a0<a href=\"https:\/\/fr.wikipedia.org\/wiki\/Convertisseur_analogique-num%C3%A9rique\" target=\"_blank\" rel=\"noopener\">Convertisseur ADC<\/a>\u00a0est li\u00e9 aux formats pr\u00e9vus.<\/p><p>If you want to release your Project in multiple formats, I need to know. Please <a href=\"\/en\/contact\/\" target=\"_self\">contact<\/a> me asap. <a href=\"\/en\/Contact\/\" target=\"_blank\" rel=\"noopener\">Contactez-moi<\/a> pour en parler.<\/p>\t\t\t\t\t\t\t\t<\/div>\n\t\t\t\t<\/div>\n\t\t\t\t<div class=\"elementor-element elementor-element-45b9252 elementor-widget elementor-widget-heading\" data-id=\"45b9252\" data-element_type=\"widget\" data-e-type=\"widget\" data-widget_type=\"heading.default\">\n\t\t\t\t<div class=\"elementor-widget-container\">\n\t\t\t\t\t<h3 class=\"elementor-heading-title elementor-size-default\">Bit Depth<\/h3>\t\t\t\t<\/div>\n\t\t\t\t<\/div>\n\t\t\t\t<div class=\"elementor-element elementor-element-8860405 elementor-widget elementor-widget-text-editor\" data-id=\"8860405\" data-element_type=\"widget\" data-e-type=\"widget\" data-widget_type=\"text-editor.default\">\n\t\t\t\t<div class=\"elementor-widget-container\">\n\t\t\t\t\t\t\t\t\t<p class=\"translation-block\">Recommended Bit Depth is 24bits. You can send me your mixes with a Bit Depth of 32bit floatting point if your tracks have been mixed In The Box (ITB).<\/p><p class=\"translation-block\">Important: please Do Not add or reduce Gain. No Peak Normalization, etc...<\/p>\t\t\t\t\t\t\t\t<\/div>\n\t\t\t\t<\/div>\n\t\t\t\t<div class=\"elementor-element elementor-element-196703f elementor-widget elementor-widget-heading\" data-id=\"196703f\" data-element_type=\"widget\" data-e-type=\"widget\" data-widget_type=\"heading.default\">\n\t\t\t\t<div class=\"elementor-widget-container\">\n\t\t\t\t\t<h3 class=\"elementor-heading-title elementor-size-default\">Fades In \/ Out<\/h3>\t\t\t\t<\/div>\n\t\t\t\t<\/div>\n\t\t\t\t<div class=\"elementor-element elementor-element-d7c6172 elementor-widget elementor-widget-text-editor\" data-id=\"d7c6172\" data-element_type=\"widget\" data-e-type=\"widget\" data-widget_type=\"text-editor.default\">\n\t\t\t\t<div class=\"elementor-widget-container\">\n\t\t\t\t\t\t\t\t\t<p><span style=\"color: #ffffff;\">Please don't create any Fades In nor Fades Out. Please leave a space of at least 1 second before the start &amp; 1 second after the end of your tracks.<\/span><\/p>\t\t\t\t\t\t\t\t<\/div>\n\t\t\t\t<\/div>\n\t\t\t\t<div class=\"elementor-element elementor-element-ce74d60 elementor-widget elementor-widget-heading\" data-id=\"ce74d60\" data-element_type=\"widget\" data-e-type=\"widget\" data-widget_type=\"heading.default\">\n\t\t\t\t<div class=\"elementor-widget-container\">\n\t\t\t\t\t<h3 class=\"elementor-heading-title elementor-size-default\">Dynamics<\/h3>\t\t\t\t<\/div>\n\t\t\t\t<\/div>\n\t\t\t\t<div class=\"elementor-element elementor-element-9522c9a elementor-widget elementor-widget-text-editor\" data-id=\"9522c9a\" data-element_type=\"widget\" data-e-type=\"widget\" data-widget_type=\"text-editor.default\">\n\t\t\t\t<div class=\"elementor-widget-container\">\n\t\t\t\t\t\t\t\t\t<p class=\"translation-block\">I recommend leaving a Headroom of 3dB's on each one of your Mixes. Indeed, don't exceed -3dBFs\/Peak on each of your Mixes.<\/p><p>Do not use Compressors\/limiters in the only goal to make your Mixes sound \"Louder\". Let me do this. It is part of the Mastering process ;-)<\/p>\t\t\t\t\t\t\t\t<\/div>\n\t\t\t\t<\/div>\n\t\t\t\t<div class=\"elementor-element elementor-element-27aa322 elementor-widget elementor-widget-heading\" data-id=\"27aa322\" data-element_type=\"widget\" data-e-type=\"widget\" data-widget_type=\"heading.default\">\n\t\t\t\t<div class=\"elementor-widget-container\">\n\t\t\t\t\t<h3 class=\"elementor-heading-title elementor-size-default\">Different Mix Versions<\/h3>\t\t\t\t<\/div>\n\t\t\t\t<\/div>\n\t\t\t\t<div class=\"elementor-element elementor-element-1adccab elementor-widget elementor-widget-text-editor\" data-id=\"1adccab\" data-element_type=\"widget\" data-e-type=\"widget\" data-widget_type=\"text-editor.default\">\n\t\t\t\t<div class=\"elementor-widget-container\">\n\t\t\t\t\t\t\t\t\t<p class=\"translation-block\"><span style=\"color: #ffffff\">Are you hesitant to send me a different version of a Mix? Wondering which version would be best for mastering? Send me your versions and I will give you reasons to use one over the other.\nDon't wait, <a href=\"https:\/\/kevork-mastering.com\/en\/contact\/\" target=\"_blank\" rel=\"noopener\">Contact me<\/a><span style=\"color: #ffffff\">.<\/span><\/p>\t\t\t\t\t\t\t\t<\/div>\n\t\t\t\t<\/div>\n\t\t\t\t\t<\/div>\n\t\t<\/div>\n\t\t\t\t\t<\/div>\n\t\t<\/section>\n\t\t\t\t<section class=\"elementor-section elementor-top-section elementor-element elementor-element-bb5b28e elementor-section-stretched elementor-section-boxed elementor-section-height-default elementor-section-height-default\" data-id=\"bb5b28e\" data-element_type=\"section\" data-e-type=\"section\" data-settings=\"{&quot;stretch_section&quot;:&quot;section-stretched&quot;,&quot;background_background&quot;:&quot;classic&quot;}\">\n\t\t\t\t\t\t<div class=\"elementor-container elementor-column-gap-default\">\n\t\t\t\t\t<div class=\"elementor-column elementor-col-66 elementor-top-column elementor-element elementor-element-22a1f9a\" data-id=\"22a1f9a\" data-element_type=\"column\" data-e-type=\"column\">\n\t\t\t<div class=\"elementor-widget-wrap elementor-element-populated\">\n\t\t\t\t\t\t<div class=\"elementor-element elementor-element-f7aff2b elementor-widget elementor-widget-text-editor\" data-id=\"f7aff2b\" data-element_type=\"widget\" data-e-type=\"widget\" data-widget_type=\"text-editor.default\">\n\t\t\t\t<div class=\"elementor-widget-container\">\n\t\t\t\t\t\t\t\t\t<p>...want to know more ?<\/p>\t\t\t\t\t\t\t\t<\/div>\n\t\t\t\t<\/div>\n\t\t\t\t<div class=\"elementor-element elementor-element-074b5d6 elementor-widget elementor-widget-text-editor\" data-id=\"074b5d6\" data-element_type=\"widget\" data-e-type=\"widget\" data-widget_type=\"text-editor.default\">\n\t\t\t\t<div class=\"elementor-widget-container\">\n\t\t\t\t\t\t\t\t\t<p class=\"translation-block\">Please call me at <span style=\"text-decoration: underline\"><span style=\"color: #ffffff;text-decoration: underline\"><a style=\"color: #ffffff;text-decoration: underline\" href=\"tel:+33670512155\" target=\"_self\">06 70 51 21 55<\/a><\/span><\/span> or by email at <span style=\"color: #ffffff\"><a style=\"color: #ffffff\" href=\"mailto:contact@kevork-mastering.com\" target=\"_self\">contact@kevork-mastering.com<\/a><\/span> or <a href=\"https:\/\/kevork-mastering.com\/en\/contact\/\" target=\"_blank\" rel=\"noopener\"><\/a><span style=\"color: #ffffff\"><\/span>fill the contact form.<\/p>\t\t\t\t\t\t\t\t<\/div>\n\t\t\t\t<\/div>\n\t\t\t\t\t<\/div>\n\t\t<\/div>\n\t\t\t\t<div class=\"elementor-column elementor-col-33 elementor-top-column elementor-element elementor-element-af7a4ce\" data-id=\"af7a4ce\" data-element_type=\"column\" data-e-type=\"column\">\n\t\t\t<div class=\"elementor-widget-wrap elementor-element-populated\">\n\t\t\t\t\t\t<div class=\"elementor-element elementor-element-cc7defe elementor-align-right elementor-widget elementor-widget-button\" data-id=\"cc7defe\" data-element_type=\"widget\" data-e-type=\"widget\" data-widget_type=\"button.default\">\n\t\t\t\t<div class=\"elementor-widget-container\">\n\t\t\t\t\t\t\t\t\t<div class=\"elementor-button-wrapper\">\n\t\t\t\t\t<a class=\"elementor-button elementor-button-link elementor-size-md\" href=\"\/en\/contact\/\" target=\"_blank\">\n\t\t\t\t\t\t<span class=\"elementor-button-content-wrapper\">\n\t\t\t\t\t\t<span class=\"elementor-button-icon\">\n\t\t\t\t<i aria-hidden=\"true\" class=\"icomoon-the7-font-the7-arrow-29\"><\/i>\t\t\t<\/span>\n\t\t\t\t\t\t\t\t\t<span class=\"elementor-button-text\">Know more<\/span>\n\t\t\t\t\t<\/span>\n\t\t\t\t\t<\/a>\n\t\t\t\t<\/div>\n\t\t\t\t\t\t\t\t<\/div>\n\t\t\t\t<\/div>\n\t\t\t\t\t<\/div>\n\t\t<\/div>\n\t\t\t\t\t<\/div>\n\t\t<\/section>\n\t\t\t\t<\/div>","protected":false},"excerpt":{"rendered":"<p>Recommandations ou Consignes techniques avant envoi pour Mastering Les \u00ab\u00a0Recommandations\u00a0\u00bb sont les Consignes techniques \u00e0 prendre en compte au moment de r\u00e9aliser l&rsquo;export de vos\u00a0mixages. En effet, elles permettent d&rsquo;optimiser le Mastering. Par cons\u00e9quent, avant de proc\u00e9der \u00e0 l&rsquo;envoi de vos fichiers, il est important de suivre scrupuleusement les instructions suivantes. Sachez qu&rsquo;un mixage comportant&hellip;<\/p>","protected":false},"author":1,"featured_media":0,"parent":0,"menu_order":0,"comment_status":"closed","ping_status":"closed","template":"","meta":{"footnotes":""},"folder":[],"class_list":["post-27","page","type-page","status-publish","hentry"],"yoast_head":"<!-- This site is optimized with the Yoast SEO plugin v27.3 - https:\/\/yoast.com\/product\/yoast-seo-wordpress\/ -->\n<title>Recommandations Consignes Techniques | Kevork Mastering<\/title>\n<meta name=\"description\" content=\"Les Recommandations ou Consignes Techniques sont r\u00e9sum\u00e9es dans cette page : les suivre avant d&#039;envoyer vos mixages pour le Mastering.\" \/>\n<meta name=\"robots\" content=\"index, follow, max-snippet:-1, max-image-preview:large, max-video-preview:-1\" \/>\n<link rel=\"canonical\" href=\"https:\/\/kevork-mastering.com\/en\/recommandations-consignes-techniques\/\" \/>\n<meta property=\"og:locale\" content=\"en_GB\" \/>\n<meta property=\"og:type\" content=\"article\" \/>\n<meta property=\"og:title\" content=\"Recommandations Consignes Techniques | Kevork Mastering\" \/>\n<meta property=\"og:description\" content=\"Les Recommandations ou Consignes Techniques sont r\u00e9sum\u00e9es dans cette page : les suivre avant d&#039;envoyer vos mixages pour le Mastering.\" \/>\n<meta property=\"og:url\" content=\"https:\/\/kevork-mastering.com\/en\/recommandations-consignes-techniques\/\" \/>\n<meta property=\"og:site_name\" content=\"Kevork Mastering\" \/>\n<meta property=\"article:publisher\" content=\"https:\/\/www.facebook.com\/Kevork-Mastering-523771794342068\/\" \/>\n<meta property=\"article:modified_time\" content=\"2025-04-14T13:33:52+00:00\" \/>\n<meta property=\"og:image\" content=\"https:\/\/kevork-mastering.com\/wp-content\/uploads\/2022\/01\/Kevork-Mastering-Logo-Full.png\" \/>\n\t<meta property=\"og:image:width\" content=\"567\" \/>\n\t<meta property=\"og:image:height\" content=\"249\" \/>\n\t<meta property=\"og:image:type\" content=\"image\/png\" \/>\n<meta name=\"twitter:card\" content=\"summary_large_image\" \/>\n<meta name=\"twitter:site\" content=\"@Kevork_\" \/>\n<meta name=\"twitter:label1\" content=\"Estimated reading time\" \/>\n\t<meta name=\"twitter:data1\" content=\"4 minutes\" \/>\n<script type=\"application\/ld+json\" class=\"yoast-schema-graph\">{\"@context\":\"https:\\\/\\\/schema.org\",\"@graph\":[{\"@type\":\"WebPage\",\"@id\":\"https:\\\/\\\/kevork-mastering.com\\\/recommandations-consignes-techniques\\\/\",\"url\":\"https:\\\/\\\/kevork-mastering.com\\\/recommandations-consignes-techniques\\\/\",\"name\":\"Recommandations Consignes Techniques | Kevork Mastering\",\"isPartOf\":{\"@id\":\"https:\\\/\\\/kevork-mastering.com\\\/#website\"},\"datePublished\":\"2021-08-12T20:26:55+00:00\",\"dateModified\":\"2025-04-14T13:33:52+00:00\",\"description\":\"Les Recommandations ou Consignes Techniques sont r\u00e9sum\u00e9es dans cette page : les suivre avant d'envoyer vos mixages pour le Mastering.\",\"breadcrumb\":{\"@id\":\"https:\\\/\\\/kevork-mastering.com\\\/recommandations-consignes-techniques\\\/#breadcrumb\"},\"inLanguage\":\"en-GB\",\"potentialAction\":[{\"@type\":\"ReadAction\",\"target\":[\"https:\\\/\\\/kevork-mastering.com\\\/recommandations-consignes-techniques\\\/\"]}]},{\"@type\":\"BreadcrumbList\",\"@id\":\"https:\\\/\\\/kevork-mastering.com\\\/recommandations-consignes-techniques\\\/#breadcrumb\",\"itemListElement\":[{\"@type\":\"ListItem\",\"position\":1,\"name\":\"Accueil\",\"item\":\"https:\\\/\\\/kevork-mastering.com\\\/\"},{\"@type\":\"ListItem\",\"position\":2,\"name\":\"Recommandations\"}]},{\"@type\":\"WebSite\",\"@id\":\"https:\\\/\\\/kevork-mastering.com\\\/#website\",\"url\":\"https:\\\/\\\/kevork-mastering.com\\\/\",\"name\":\"Kevork Mastering\",\"description\":\"Mastering Professionnel pour tous vos projets\",\"publisher\":{\"@id\":\"https:\\\/\\\/kevork-mastering.com\\\/#organization\"},\"potentialAction\":[{\"@type\":\"SearchAction\",\"target\":{\"@type\":\"EntryPoint\",\"urlTemplate\":\"https:\\\/\\\/kevork-mastering.com\\\/?s={search_term_string}\"},\"query-input\":{\"@type\":\"PropertyValueSpecification\",\"valueRequired\":true,\"valueName\":\"search_term_string\"}}],\"inLanguage\":\"en-GB\"},{\"@type\":\"Organization\",\"@id\":\"https:\\\/\\\/kevork-mastering.com\\\/#organization\",\"name\":\"Kevork Mastering\",\"url\":\"https:\\\/\\\/kevork-mastering.com\\\/\",\"logo\":{\"@type\":\"ImageObject\",\"inLanguage\":\"en-GB\",\"@id\":\"https:\\\/\\\/kevork-mastering.com\\\/#\\\/schema\\\/logo\\\/image\\\/\",\"url\":\"https:\\\/\\\/kevork-mastering.com\\\/wp-content\\\/uploads\\\/2022\\\/01\\\/Kevork-Mastering-Logo-Full.png\",\"contentUrl\":\"https:\\\/\\\/kevork-mastering.com\\\/wp-content\\\/uploads\\\/2022\\\/01\\\/Kevork-Mastering-Logo-Full.png\",\"width\":567,\"height\":249,\"caption\":\"Kevork Mastering\"},\"image\":{\"@id\":\"https:\\\/\\\/kevork-mastering.com\\\/#\\\/schema\\\/logo\\\/image\\\/\"},\"sameAs\":[\"https:\\\/\\\/www.facebook.com\\\/Kevork-Mastering-523771794342068\\\/\",\"https:\\\/\\\/x.com\\\/Kevork_\",\"https:\\\/\\\/www.instagram.com\\\/alexiskevork\\\/\",\"https:\\\/\\\/www.linkedin.com\\\/in\\\/kevork-mastering\\\/\",\"https:\\\/\\\/studio.youtube.com\\\/channel\\\/UCUoFIelq-pURog__lsQixPw\"]}]}<\/script>\n<!-- \/ Yoast SEO plugin. -->","yoast_head_json":{"title":"Recommandations Consignes Techniques | Kevork Mastering","description":"Les Recommandations ou Consignes Techniques sont r\u00e9sum\u00e9es dans cette page : les suivre avant d'envoyer vos mixages pour le Mastering.","robots":{"index":"index","follow":"follow","max-snippet":"max-snippet:-1","max-image-preview":"max-image-preview:large","max-video-preview":"max-video-preview:-1"},"canonical":"https:\/\/kevork-mastering.com\/en\/recommandations-consignes-techniques\/","og_locale":"en_GB","og_type":"article","og_title":"Recommandations Consignes Techniques | Kevork Mastering","og_description":"Les Recommandations ou Consignes Techniques sont r\u00e9sum\u00e9es dans cette page : les suivre avant d'envoyer vos mixages pour le Mastering.","og_url":"https:\/\/kevork-mastering.com\/en\/recommandations-consignes-techniques\/","og_site_name":"Kevork Mastering","article_publisher":"https:\/\/www.facebook.com\/Kevork-Mastering-523771794342068\/","article_modified_time":"2025-04-14T13:33:52+00:00","og_image":[{"width":567,"height":249,"url":"https:\/\/kevork-mastering.com\/wp-content\/uploads\/2022\/01\/Kevork-Mastering-Logo-Full.png","type":"image\/png"}],"twitter_card":"summary_large_image","twitter_site":"@Kevork_","twitter_misc":{"Estimated reading time":"4 minutes"},"schema":{"@context":"https:\/\/schema.org","@graph":[{"@type":"WebPage","@id":"https:\/\/kevork-mastering.com\/recommandations-consignes-techniques\/","url":"https:\/\/kevork-mastering.com\/recommandations-consignes-techniques\/","name":"Recommandations Consignes Techniques | Kevork Mastering","isPartOf":{"@id":"https:\/\/kevork-mastering.com\/#website"},"datePublished":"2021-08-12T20:26:55+00:00","dateModified":"2025-04-14T13:33:52+00:00","description":"Les Recommandations ou Consignes Techniques sont r\u00e9sum\u00e9es dans cette page : les suivre avant d'envoyer vos mixages pour le Mastering.","breadcrumb":{"@id":"https:\/\/kevork-mastering.com\/recommandations-consignes-techniques\/#breadcrumb"},"inLanguage":"en-GB","potentialAction":[{"@type":"ReadAction","target":["https:\/\/kevork-mastering.com\/recommandations-consignes-techniques\/"]}]},{"@type":"BreadcrumbList","@id":"https:\/\/kevork-mastering.com\/recommandations-consignes-techniques\/#breadcrumb","itemListElement":[{"@type":"ListItem","position":1,"name":"Accueil","item":"https:\/\/kevork-mastering.com\/"},{"@type":"ListItem","position":2,"name":"Recommandations"}]},{"@type":"WebSite","@id":"https:\/\/kevork-mastering.com\/#website","url":"https:\/\/kevork-mastering.com\/","name":"Kevork Mastering","description":"Mastering Professionnel pour tous vos projets","publisher":{"@id":"https:\/\/kevork-mastering.com\/#organization"},"potentialAction":[{"@type":"SearchAction","target":{"@type":"EntryPoint","urlTemplate":"https:\/\/kevork-mastering.com\/?s={search_term_string}"},"query-input":{"@type":"PropertyValueSpecification","valueRequired":true,"valueName":"search_term_string"}}],"inLanguage":"en-GB"},{"@type":"Organization","@id":"https:\/\/kevork-mastering.com\/#organization","name":"Kevork Mastering","url":"https:\/\/kevork-mastering.com\/","logo":{"@type":"ImageObject","inLanguage":"en-GB","@id":"https:\/\/kevork-mastering.com\/#\/schema\/logo\/image\/","url":"https:\/\/kevork-mastering.com\/wp-content\/uploads\/2022\/01\/Kevork-Mastering-Logo-Full.png","contentUrl":"https:\/\/kevork-mastering.com\/wp-content\/uploads\/2022\/01\/Kevork-Mastering-Logo-Full.png","width":567,"height":249,"caption":"Kevork Mastering"},"image":{"@id":"https:\/\/kevork-mastering.com\/#\/schema\/logo\/image\/"},"sameAs":["https:\/\/www.facebook.com\/Kevork-Mastering-523771794342068\/","https:\/\/x.com\/Kevork_","https:\/\/www.instagram.com\/alexiskevork\/","https:\/\/www.linkedin.com\/in\/kevork-mastering\/","https:\/\/studio.youtube.com\/channel\/UCUoFIelq-pURog__lsQixPw"]}]}},"_links":{"self":[{"href":"https:\/\/kevork-mastering.com\/en\/wp-json\/wp\/v2\/pages\/27","targetHints":{"allow":["GET"]}}],"collection":[{"href":"https:\/\/kevork-mastering.com\/en\/wp-json\/wp\/v2\/pages"}],"about":[{"href":"https:\/\/kevork-mastering.com\/en\/wp-json\/wp\/v2\/types\/page"}],"author":[{"embeddable":true,"href":"https:\/\/kevork-mastering.com\/en\/wp-json\/wp\/v2\/users\/1"}],"replies":[{"embeddable":true,"href":"https:\/\/kevork-mastering.com\/en\/wp-json\/wp\/v2\/comments?post=27"}],"version-history":[{"count":223,"href":"https:\/\/kevork-mastering.com\/en\/wp-json\/wp\/v2\/pages\/27\/revisions"}],"predecessor-version":[{"id":5735,"href":"https:\/\/kevork-mastering.com\/en\/wp-json\/wp\/v2\/pages\/27\/revisions\/5735"}],"wp:attachment":[{"href":"https:\/\/kevork-mastering.com\/en\/wp-json\/wp\/v2\/media?parent=27"}],"wp:term":[{"taxonomy":"folder","embeddable":true,"href":"https:\/\/kevork-mastering.com\/en\/wp-json\/wp\/v2\/folder?post=27"}],"curies":[{"name":"wp","href":"https:\/\/api.w.org\/{rel}","templated":true}]}}